{"id":8,"date":"2022-05-01T13:24:48","date_gmt":"2022-05-01T13:24:48","guid":{"rendered":"https:\/\/pariersport.ca\/blackjack\/?page_id=8"},"modified":"2022-06-01T16:27:16","modified_gmt":"2022-06-01T16:27:16","slug":"accueil","status":"publish","type":"page","link":"https:\/\/pariersport.ca\/blackjack\/","title":{"rendered":"Jouer en gagner au blackjack en toute s\u00e9curit\u00e9 &#8211; Le Canada le permet!"},"content":{"rendered":"<p style=\"font-weight: 400;\">Bienvenue sur la section de notre site consacr\u00e9e au blackjack. Bien que les paris sportifs soient le centre de notre activit\u00e9, ce jeu de carte reste pour beaucoup d\u2019entre nous une passion. Que vous soyez un joueur qualifi\u00e9 ou un d\u00e9butant, nous ferons tout pour vous aider \u00e0 trouver les meilleurs casinos pour jouer en toute s\u00e9curit\u00e9 et vous \u00e9panouir.<\/p><div id=\"parie-2835043419\" class=\"parie-content parie-entity-placement\" style=\"margin-top: 1px;margin-right: 1px;margin-bottom: 1px;margin-left: 1px;border-style: dotted;\"><p><a href=\"https:\/\/pariersport.ca\/blackjack\/jouer\/888Casino.com\"><span style=\"font-size: 16pt; color: #ff0000;\">Le Meilleur Casino Canadien de cette ann\u00e9e 2024\u00a0<\/span><\/a><\/p>\n<p><a href=\"https:\/\/pariersport.ca\/blackjack\/jouer\/888Casino.com\"><img decoding=\"async\" class=\"alignleft wp-image-102\" src=\"https:\/\/pariersport.ca\/blackjack\/wp-content\/uploads\/sites\/2\/2024\/05\/888.png\" alt=\"\" width=\"282\" height=\"184\" \/><\/a><\/p>\n<p>Pour la cinqui\u00e8me ann\u00e9e cons\u00e9cutive, nous avons le plaisir de vous annoncer que 888 Casino a \u00e9t\u00e9 choisi par notre \u00e9quipe!<\/p>\n<p>&#8211; Jouez en s\u00e9curit\u00e9 et retirez vos gains rapidement<\/p>\n<p>&#8211; Une interface de derni\u00e8re g\u00e9n\u00e9ration<\/p>\n<p>&#8211; Inscription en 2 minutes &#8211; 100% de bonus jusqu&rsquo;\u00e0 200$<\/p>\n<p><strong><span style=\"font-size: 14pt;\">\u00a0 \u00a0 \u00a0 \u00a0 \u00a0 \u00a0 \u00a0 \u00a0 \u00a0 \u00a0 \u00a0 \u00a0 \u00a0 \u00a0 \u00a0 \u00a0 \u00a0 \u00a0 \u00a0 \u00a0 \u00a0 \u00a0 \u00a0 \u00a0 \u00a0 \u00a0 \u00a0 \u00a0 \u00a0 \u00a0 \u00a0 \u00a0 \u00a0 \u00a0 \u00a0<span style=\"font-size: 17pt;\">Visitez <span style=\"color: #0000ff;\"><a style=\"color: #0000ff;\" href=\"https:\/\/pariersport.ca\/blackjack\/jouer\/888Casino.com\"><em>https:\/\/888Casino.com<\/em><\/a><\/span><\/span><\/span><\/strong><\/p>\n<\/div>\n<h1><span style=\"font-size: 14pt;\">Le Blackjack au Canada \u2013 Rien de plus facile avec les meilleurs casinos en ligne<\/span><\/h1>\n<p style=\"font-weight: 400;\">Trouver des maisons de jeux de qualit\u00e9 peut parfois \u00eatre une perte de temps, et il est vrai que ce march\u00e9 est de plus en plus large et complexe. Heureusement, le Canada est un pays qui propose un grand \u00e9ventail de possibilit\u00e9s, avec tous types d\u2019entreprises. <span style=\"color: #0000ff;\"><a style=\"color: #0000ff;\" href=\"https:\/\/pariersport.ca\/blackjack\/depots-choix\/\">Les moyens de d\u00e9p\u00f4ts<\/a><\/span> et de retraits sont performants, avec des technologies modernes. Si vous suivez bien les indications lors de vos inscriptions, votre argent r\u00e9el sera toujours en s\u00e9curit\u00e9.<\/p>\n<p style=\"font-weight: 400;\">La section blackjack de ce site vous parlera bien s\u00fbr des diff\u00e9rentes choses \u00e0 savoir avant de commencer votre partie. Que ce soit purement technique bien s\u00fbr, avec des indications sur les m\u00e9thodes pour vous permettre de gagner \u00e0 ce jeu \u00e0 la fois simple et complexe sur le long terme. Mais aussi sur les possibilit\u00e9s qui s\u2019offriront \u00e0 vous pour maximiser vos gains avec tous les moyens disponibles.<\/p>\n<h2><span style=\"font-size: 14pt;\">Le choix des joueurs Canadiens qui veulent gagner<\/span><\/h2>\n<p style=\"font-weight: 400;\">Jouer pour le plaisir est toujours tr\u00e8s important. Mais vouloir allier plaisir et gagner de l\u2019argent r\u00e9el en toute s\u00e9curit\u00e9 au blackjack en est une autre. Et nous pensons qu\u2019il serait dommage de choisir seulement une des deux options.<\/p>\n<p style=\"font-weight: 400;\">Le but principal est bien s\u00fbr de se rapprocher du total de 21 points, sans jamais le d\u00e9passer tout en \u00e9tant plus pr\u00e8s de ce chiffre que le croupier (la banque). Apr\u00e8s ce postulat simple, il existe beaucoup de choses \u00e0 savoir pour optimiser vos chances de gagner. Nous ne manquerons pas d\u2019\u00e9crire dans le futur des articles pour vous permettre d\u2019arriver \u00e0 ce but.<\/p>\n<p style=\"font-weight: 400;\">D\u2019ailleurs, nous prendrons toujours le temps d\u2019\u00e9crire, tranquillement mais \u00e0 un rythme soutenu, pour toujours vous permettre d\u2019avoir une information de qualit\u00e9 et r\u00e9cente, car les \u00e9volutions sont nombreuses, surtout avec les casinos en ligne.<\/p>\n<h3><span style=\"font-size: 12pt;\">Suivre les \u00e9volutions pour toujours rester \u00e0 la page<\/span><\/h3>\n<p style=\"font-weight: 400;\">Comme nous sommes dans le monde d\u2019Internet, il convient pour garder ses chances de victoires de toujours se tenir inform\u00e9 des derni\u00e8res innovations concernant les plateformes de jeux. D\u00e9j\u00e0, depuis les ann\u00e9es 2010 on peut facilement remarquer que les sites ont bien chang\u00e9s. Au d\u00e9part, il \u00e9tait plut\u00f4t question de jouer sur un logiciel, avec un algorithme r\u00e9p\u00e9titif. \u00a0Cela existe toujours bien s\u00fbr mais ce que l\u2019on peut dire c\u2019est que maintenant le ma\u00eetre mot est vraiment la collaboration.<\/p>\n<p style=\"font-weight: 400;\">Les meilleures parties de ce jeu se font avec d\u2019autres joueurs, et <span style=\"color: #0000ff;\"><a style=\"color: #0000ff;\" href=\"https:\/\/pariersport.ca\/blackjack\/live-croupier\/\">encore mieux en direct avec un croupier<\/a><\/span>. L\u00e0 encore, nous ne manquerons pas de d\u00e9velopper cette fa\u00e7on de jouer sur <span style=\"color: #0000ff;\"><a style=\"color: #0000ff;\" href=\"https:\/\/pariersport.ca\/blackjack\/choix-casino\/\">les meilleurs casinos<\/a><\/span>, qui pour nous est vraiment l\u2019aboutissement de ce qu\u2019il sera possible de faire sur le net. Les maisons de jeux ne s\u2019y sont d\u2019ailleurs pas tromp\u00e9es, et proposent de plus en plus de tables avec des croupiers que l\u2019on voit via des webcams. L\u2019exp\u00e9rience peut parfois \u00eatre plus agr\u00e9able qu\u2019en r\u00e9el car l\u2019on n\u2019est pas distrait par les autres.<\/p>\n<p style=\"font-weight: 400;\">Dans un futur r\u00e9cent, bien que cela est d\u00e9j\u00e0 commenc\u00e9, nous verrons aussi se d\u00e9mocratiser les parties avec casque de r\u00e9alit\u00e9 virtuelle\u00a0! Quand on y pense, la technologie est maintenant viable, et des entreprises comme Meta va en faire ces prochaine ann\u00e9es le centre du d\u00e9veloppement de leur mod\u00e8le commercial. Au Canada, cette technologie est d\u00e9j\u00e0 bien connue et r\u00e9cemment nous en avons vu la d\u00e9monstration dans un salon \u00e0 Montr\u00e9al au Qu\u00e9bec. Ce fut tout simplement bluffant.<\/p>\n<h2><span style=\"font-size: 14pt;\">Quelques conseils pour vous<\/span><\/h2>\n<ol>\n<li><strong>Choisir les meilleurs casinos de blackjack<\/strong> pour ne pas perdre de temps. L\u2019offre est pl\u00e9thorique, et il serait dommage de perdre du temps inutilement car cela pourrait vous d\u00e9courager, surtout si vous \u00eates d\u00e9butant. Parfois, il vaut mieux faire confiance \u00e0 un site bien \u00e9tabli, <span style=\"color: #0000ff;\"><a style=\"color: #0000ff;\" href=\"https:\/\/pariersport.ca\/blackjack\/trouver-bonus\/\">bien que les bonus<\/a> <\/span>soient moins attractifs que d\u2019autres. Nous aurons le temps de le d\u00e9velopper dans d\u2019autres articles.<\/li>\n<li><strong>Vous entrainer<\/strong>. Cela est presque le plus important avant de commencer \u00e0 jouer avec son argent r\u00e9el. Vous pouvez le faire avec les maisons de jeux en ligne qui proposent des jetons fictifs pour vous entrainer. Un autre moyen sont <span style=\"color: #0000ff;\"><a style=\"color: #0000ff;\" href=\"https:\/\/pariersport.ca\/blackjack\/outils-progresser\/\">les applications sur les cellulaires<\/a><\/span> qui sont \u00e0 notre sens excellentes comme Blackjack 21 qui fait vraiment du bon travail (Apple Store &amp; Android). Vous pouvez aussi <span style=\"color: #0000ff;\"><a style=\"color: #0000ff;\" href=\"https:\/\/pariersport.ca\/blackjack\/avec-amis\/\">vous entrainer avec des amis<\/a> <\/span>qui pourront jouer le r\u00f4le du croupier. Ainsi, vous serez toujours \u00e0 m\u00eame de voir toutes les situations possibles lors d\u2019une partie. Il y a aussi une chose que nous aimons faire particuli\u00e8rement, c\u2019est regarder des vid\u00e9os sur YouTube. De nombreux joueurs ont cr\u00e9\u00e9 des chaines de qualit\u00e9, dans le monde francophone et anglophone. Ce n\u2019est vraiment pas une perte de temps car vous pourrez toujours apprendre des choses que vous ne connaissiez pas.<\/li>\n<\/ol>\n<ol start=\"3\">\n<li><strong>Bien vous renseigner sur les bonus propos\u00e9s<\/strong>. Dans cette jungle, il faut parfois savoir o\u00f9 trouver les meilleures solutions. Heureusement, nous serons l\u00e0 pour vous aider \u00e0 trouver <span style=\"color: #0000ff;\"><a style=\"color: #0000ff;\" href=\"https:\/\/pariersport.ca\/blackjack\/gagner-conseils\/\">ce qui se fait de mieux au Canada<\/a><\/span>. N\u2019oubliez pas de bien lire les conditions et de ne pas juste lire les chiffres exprim\u00e9s en CAD$ sur l\u2019annonce. Parfois, on se rend compte en lisant bien que pour obtenir ces bonus, il faut remuer ciel et terre. Attention donc \u00e0 bien rester attentifs lors de vos recherches pour jouer en toute s\u00e9curit\u00e9 et <span style=\"color: #0000ff;\"><a style=\"color: #0000ff;\" href=\"https:\/\/fr.wikipedia.org\/wiki\/Blackjack_(jeu)\">gagner au blackjack<\/a><\/span>.<\/li>\n<li><strong>Attention \u00e0 bien prot\u00e9ger votre argent<\/strong>. Nous sommes ici dans un univers o\u00f9 le plaisir de jouer et l\u2019argent r\u00e9el sont m\u00e9lang\u00e9s. Attention donc \u00e0 ne jamais vous mettre en danger financi\u00e8rement, et \u00e0 toujours connaitre vos limites. Ici encore, nous \u00e9crirons un article pour vous guider dans ce processus qui peut poser des probl\u00e8mes \u00e0 certaines personnes.<\/li>\n<\/ol>\n<h2><span style=\"font-size: 14pt;\">Le blackjack \u2013 Une histoire d\u2019amour historique<\/span><\/h2>\n<p style=\"font-weight: 400;\">Quand on r\u00e9fl\u00e9chit \u00e0 ce jeu, on se rend compte que c\u2019est l\u2019histoire qui parle. Quand on pense aux tables de blackjack dans les casinos, c\u2019est tout un imaginaire qui se met en marche. Avec un nombre de films incalculables o\u00f9 on y joue, que ce soit dans James Bond ou Las Vegas 21, on a vraiment grandi avec ce jeu. Si l\u2019on aime cette ambiance, \u00e0 la fois cozy et o\u00f9 tout peut arriver, on sera forc\u00e9ment de plus en plus satisfaits de ce que propose Internet aujourd\u2019hui, et notamment au Canada. Vraiment, cette aventure commenc\u00e9e au tournant des ann\u00e9es 2000 est maintenant en pleine phase de maturit\u00e9, avec des \u00e9motions toujours plus fortes et des innovations syst\u00e9matiques.<\/p>\n<div id=\"attachment_9\" style=\"width: 407px\" class=\"wp-caption aligncenter\"><img decoding=\"async\" aria-describedby=\"caption-attachment-9\" class=\" wp-image-9\" src=\"https:\/\/pariersport.ca\/blackjack\/wp-content\/uploads\/sites\/2\/2022\/05\/Ps-table-black-300x216.jpg\" alt=\"Une table de jeu commune\" width=\"397\" height=\"286\" srcset=\"https:\/\/pariersport.ca\/blackjack\/wp-content\/uploads\/sites\/2\/2022\/05\/Ps-table-black-200x144.jpg 200w, https:\/\/pariersport.ca\/blackjack\/wp-content\/uploads\/sites\/2\/2022\/05\/Ps-table-black-300x216.jpg 300w, https:\/\/pariersport.ca\/blackjack\/wp-content\/uploads\/sites\/2\/2022\/05\/Ps-table-black-400x288.jpg 400w, https:\/\/pariersport.ca\/blackjack\/wp-content\/uploads\/sites\/2\/2022\/05\/Ps-table-black-600x432.jpg 600w, https:\/\/pariersport.ca\/blackjack\/wp-content\/uploads\/sites\/2\/2022\/05\/Ps-table-black-768x553.jpg 768w, https:\/\/pariersport.ca\/blackjack\/wp-content\/uploads\/sites\/2\/2022\/05\/Ps-table-black.jpg 783w\" sizes=\"(max-width: 397px) 100vw, 397px\" \/><p id=\"caption-attachment-9\" class=\"wp-caption-text\"><center>La table de tous les possibles<\/center><\/p><\/div>\n<h3><span style=\"font-size: 12pt;\">Le saviez-vous\u00a0?<\/span><\/h3>\n<ul>\n<li>Blackjack, o\u00f9 autrement le \u00ab\u00a0valet noir\u00a0\u00bb est consid\u00e9r\u00e9 comme la combinaison magique. Avec un as noir et un valet, tout est possible est l\u2019ont \u00e9t\u00e9 pay\u00e9 \u00e0 dix contre un \u00e0 la fin du 19<sup>\u00e8me<\/sup> si\u00e8cle aux Etats-unis.<\/li>\n<\/ul>\n<blockquote><p>\u00a0 \u00a0 \u00a0 \u00a0 \u00a0 \u00a0 Le &laquo; valet noir &raquo;, la combinaison magique &#8211; Terme ancien<\/p><\/blockquote>\n<ul>\n<li>L\u2019origine de ce jeu est vraiment lointaine, et l\u2019on en retrouve des traces \u00e0 travers les \u00e9poques. Au moyen-\u00e2ge en Europe, le jeu du \u00ab\u00a0vingt-et-un\u00a0\u00bb en \u00e9tait le direct anc\u00eatre. Des auteurs en parlent dans leurs livres durant tout le 17<sup>\u00e8me<\/sup> si\u00e8cle. Les figures valant 10 et l\u2019as 1 ou 11, les r\u00e8gles sont rest\u00e9es le m\u00eame, tellement simple que parfois parfaites selon nous.<\/li>\n<li>C\u2019est en septembre 1969 que ce jeu a \u00e9t\u00e9 autoris\u00e9 dans les casinos fran\u00e7ais, \u00e0 la suite <span style=\"color: #0000ff;\"><a style=\"color: #0000ff;\" href=\"https:\/\/fr.wikipedia.org\/wiki\/Craps\">des Am\u00e9ricains qui jouaient au Craps<\/a><\/span>, un d\u00e9riv\u00e9 bien connu avec des d\u00e9s. Depuis, ce jeu est connu sous cette appellation-l\u00e0 dans tous les \u00e9tablissements du monde et comme nous l\u2019avons dit, un nombre tr\u00e8s important de films l\u2019ont fait connaitre au grand public.<\/li>\n<li>La popularit\u00e9 de ce jeu est la plus important dans le monde du jeu d&rsquo;argent r\u00e9el. Nous ne prenons pas trop de risque \u00e0 l\u2019affirmer car de nombreuses grandes maisons de jeux \u00e0 travers le monde le d\u00e9clarent, leurs clients en sont fans. Bien s\u00fbrs, une grande partie de joueurs jouent aux machines \u00e0 sous, mais c\u2019est avant tout pour la simplicit\u00e9 de celles-ci.<\/li>\n<li>C\u2019est un jeu o\u00f9 vous \u00eates libres. La libert\u00e9 d\u2019action de ce jeu est forte, et c\u2019est ce qui plait tant. La roulette par exemple est beaucoup plus rigide. Ici, vous pourrez plus laisser parler votre talent tout en faisant marcher votre cerveau avec les probabilit\u00e9s.<\/li>\n<li>On trouve presque trois fois plus de tables de blackjack que de roulette dans le monde. Pourtant, ce sont les deux jeux les plus appr\u00e9ci\u00e9s et cela montre l\u2019importance du premier pour les Canadiens nottament.<\/li>\n<\/ul>\n","protected":false},"excerpt":{"rendered":"<p>Bienvenue sur la section de notre site consacr\u00e9e au blackjack. Bien que les paris sportifs soient le centre de notre<\/p>\n","protected":false},"author":3,"featured_media":0,"parent":0,"menu_order":0,"comment_status":"closed","ping_status":"closed","template":"","meta":{"_exactmetrics_skip_tracking":false,"_exactmetrics_sitenote_active":false,"_exactmetrics_sitenote_note":"","_exactmetrics_sitenote_category":0,"_uf_show_specific_survey":0,"_uf_disable_surveys":false,"footnotes":""},"class_list":["post-8","page","type-page","status-publish","hentry"],"yoast_head":"<!-- This site is optimized with the Yoast SEO plugin v27.3 - https:\/\/yoast.com\/product\/yoast-seo-wordpress\/ -->\n<title>Jouer en gagner au blackjack en toute s\u00e9curit\u00e9 - Le Canada le permet! - Blackjack Canada<\/title>\n<meta name=\"robots\" content=\"index, follow, max-snippet:-1, max-image-preview:large, max-video-preview:-1\" \/>\n<link rel=\"canonical\" href=\"https:\/\/pariersport.ca\/blackjack\/\" \/>\n<meta property=\"og:locale\" content=\"fr_CA\" \/>\n<meta property=\"og:type\" content=\"article\" \/>\n<meta property=\"og:title\" content=\"Jouer en gagner au blackjack en toute s\u00e9curit\u00e9 - Le Canada le permet! - Blackjack Canada\" \/>\n<meta property=\"og:description\" content=\"Bienvenue sur la section de notre site consacr\u00e9e au blackjack. Bien que les paris sportifs soient le centre de notre\" \/>\n<meta property=\"og:url\" content=\"https:\/\/pariersport.ca\/blackjack\/\" \/>\n<meta property=\"og:site_name\" content=\"Blackjack Canada\" \/>\n<meta property=\"article:modified_time\" content=\"2022-06-01T16:27:16+00:00\" \/>\n<meta property=\"og:image\" content=\"https:\/\/pariersport.ca\/blackjack\/wp-content\/uploads\/sites\/2\/2022\/05\/Ps-table-black-300x216.jpg\" \/>\n<meta name=\"twitter:card\" content=\"summary_large_image\" \/>\n<meta name=\"twitter:label1\" content=\"Estimation du temps de lecture\" \/>\n\t<meta name=\"twitter:data1\" content=\"8 minutes\" \/>\n<script type=\"application\/ld+json\" class=\"yoast-schema-graph\">{\"@context\":\"https:\\\/\\\/schema.org\",\"@graph\":[{\"@type\":\"WebPage\",\"@id\":\"https:\\\/\\\/pariersport.ca\\\/blackjack\\\/\",\"url\":\"https:\\\/\\\/pariersport.ca\\\/blackjack\\\/\",\"name\":\"Jouer en gagner au blackjack en toute s\u00e9curit\u00e9 - Le Canada le permet! - Blackjack Canada\",\"isPartOf\":{\"@id\":\"https:\\\/\\\/pariersport.ca\\\/blackjack\\\/#website\"},\"primaryImageOfPage\":{\"@id\":\"https:\\\/\\\/pariersport.ca\\\/blackjack\\\/#primaryimage\"},\"image\":{\"@id\":\"https:\\\/\\\/pariersport.ca\\\/blackjack\\\/#primaryimage\"},\"thumbnailUrl\":\"https:\\\/\\\/pariersport.ca\\\/blackjack\\\/wp-content\\\/uploads\\\/sites\\\/2\\\/2022\\\/05\\\/Ps-table-black-300x216.jpg\",\"datePublished\":\"2022-05-01T13:24:48+00:00\",\"dateModified\":\"2022-06-01T16:27:16+00:00\",\"breadcrumb\":{\"@id\":\"https:\\\/\\\/pariersport.ca\\\/blackjack\\\/#breadcrumb\"},\"inLanguage\":\"fr-CA\",\"potentialAction\":[{\"@type\":\"ReadAction\",\"target\":[\"https:\\\/\\\/pariersport.ca\\\/blackjack\\\/\"]}]},{\"@type\":\"ImageObject\",\"inLanguage\":\"fr-CA\",\"@id\":\"https:\\\/\\\/pariersport.ca\\\/blackjack\\\/#primaryimage\",\"url\":\"https:\\\/\\\/pariersport.ca\\\/blackjack\\\/wp-content\\\/uploads\\\/sites\\\/2\\\/2022\\\/05\\\/Ps-table-black.jpg\",\"contentUrl\":\"https:\\\/\\\/pariersport.ca\\\/blackjack\\\/wp-content\\\/uploads\\\/sites\\\/2\\\/2022\\\/05\\\/Ps-table-black.jpg\",\"width\":783,\"height\":564,\"caption\":\"La table de tous les possibles\"},{\"@type\":\"BreadcrumbList\",\"@id\":\"https:\\\/\\\/pariersport.ca\\\/blackjack\\\/#breadcrumb\",\"itemListElement\":[{\"@type\":\"ListItem\",\"position\":1,\"name\":\"Accueil\",\"item\":\"https:\\\/\\\/pariersport.ca\\\/blackjack\\\/\"},{\"@type\":\"ListItem\",\"position\":2,\"name\":\"Jouer en gagner au blackjack en toute s\u00e9curit\u00e9 &#8211; Le Canada le permet!\"}]},{\"@type\":\"WebSite\",\"@id\":\"https:\\\/\\\/pariersport.ca\\\/blackjack\\\/#website\",\"url\":\"https:\\\/\\\/pariersport.ca\\\/blackjack\\\/\",\"name\":\"Blackjack Canada\",\"description\":\"Jouez en s\u00e9curit\u00e9 sur les meilleurs Casinos et gagnez!\",\"potentialAction\":[{\"@type\":\"SearchAction\",\"target\":{\"@type\":\"EntryPoint\",\"urlTemplate\":\"https:\\\/\\\/pariersport.ca\\\/blackjack\\\/?s={search_term_string}\"},\"query-input\":{\"@type\":\"PropertyValueSpecification\",\"valueRequired\":true,\"valueName\":\"search_term_string\"}}],\"inLanguage\":\"fr-CA\"}]}<\/script>\n<!-- \/ Yoast SEO plugin. -->","yoast_head_json":{"title":"Jouer en gagner au blackjack en toute s\u00e9curit\u00e9 - Le Canada le permet! - Blackjack Canada","robots":{"index":"index","follow":"follow","max-snippet":"max-snippet:-1","max-image-preview":"max-image-preview:large","max-video-preview":"max-video-preview:-1"},"canonical":"https:\/\/pariersport.ca\/blackjack\/","og_locale":"fr_CA","og_type":"article","og_title":"Jouer en gagner au blackjack en toute s\u00e9curit\u00e9 - Le Canada le permet! - Blackjack Canada","og_description":"Bienvenue sur la section de notre site consacr\u00e9e au blackjack. Bien que les paris sportifs soient le centre de notre","og_url":"https:\/\/pariersport.ca\/blackjack\/","og_site_name":"Blackjack Canada","article_modified_time":"2022-06-01T16:27:16+00:00","og_image":[{"url":"https:\/\/pariersport.ca\/blackjack\/wp-content\/uploads\/sites\/2\/2022\/05\/Ps-table-black-300x216.jpg","type":"","width":"","height":""}],"twitter_card":"summary_large_image","twitter_misc":{"Estimation du temps de lecture":"8 minutes"},"schema":{"@context":"https:\/\/schema.org","@graph":[{"@type":"WebPage","@id":"https:\/\/pariersport.ca\/blackjack\/","url":"https:\/\/pariersport.ca\/blackjack\/","name":"Jouer en gagner au blackjack en toute s\u00e9curit\u00e9 - Le Canada le permet! - Blackjack Canada","isPartOf":{"@id":"https:\/\/pariersport.ca\/blackjack\/#website"},"primaryImageOfPage":{"@id":"https:\/\/pariersport.ca\/blackjack\/#primaryimage"},"image":{"@id":"https:\/\/pariersport.ca\/blackjack\/#primaryimage"},"thumbnailUrl":"https:\/\/pariersport.ca\/blackjack\/wp-content\/uploads\/sites\/2\/2022\/05\/Ps-table-black-300x216.jpg","datePublished":"2022-05-01T13:24:48+00:00","dateModified":"2022-06-01T16:27:16+00:00","breadcrumb":{"@id":"https:\/\/pariersport.ca\/blackjack\/#breadcrumb"},"inLanguage":"fr-CA","potentialAction":[{"@type":"ReadAction","target":["https:\/\/pariersport.ca\/blackjack\/"]}]},{"@type":"ImageObject","inLanguage":"fr-CA","@id":"https:\/\/pariersport.ca\/blackjack\/#primaryimage","url":"https:\/\/pariersport.ca\/blackjack\/wp-content\/uploads\/sites\/2\/2022\/05\/Ps-table-black.jpg","contentUrl":"https:\/\/pariersport.ca\/blackjack\/wp-content\/uploads\/sites\/2\/2022\/05\/Ps-table-black.jpg","width":783,"height":564,"caption":"La table de tous les possibles"},{"@type":"BreadcrumbList","@id":"https:\/\/pariersport.ca\/blackjack\/#breadcrumb","itemListElement":[{"@type":"ListItem","position":1,"name":"Accueil","item":"https:\/\/pariersport.ca\/blackjack\/"},{"@type":"ListItem","position":2,"name":"Jouer en gagner au blackjack en toute s\u00e9curit\u00e9 &#8211; Le Canada le permet!"}]},{"@type":"WebSite","@id":"https:\/\/pariersport.ca\/blackjack\/#website","url":"https:\/\/pariersport.ca\/blackjack\/","name":"Blackjack Canada","description":"Jouez en s\u00e9curit\u00e9 sur les meilleurs Casinos et gagnez!","potentialAction":[{"@type":"SearchAction","target":{"@type":"EntryPoint","urlTemplate":"https:\/\/pariersport.ca\/blackjack\/?s={search_term_string}"},"query-input":{"@type":"PropertyValueSpecification","valueRequired":true,"valueName":"search_term_string"}}],"inLanguage":"fr-CA"}]}},"_links":{"self":[{"href":"https:\/\/pariersport.ca\/blackjack\/wp-json\/wp\/v2\/pages\/8","targetHints":{"allow":["GET"]}}],"collection":[{"href":"https:\/\/pariersport.ca\/blackjack\/wp-json\/wp\/v2\/pages"}],"about":[{"href":"https:\/\/pariersport.ca\/blackjack\/wp-json\/wp\/v2\/types\/page"}],"author":[{"embeddable":true,"href":"https:\/\/pariersport.ca\/blackjack\/wp-json\/wp\/v2\/users\/3"}],"replies":[{"embeddable":true,"href":"https:\/\/pariersport.ca\/blackjack\/wp-json\/wp\/v2\/comments?post=8"}],"version-history":[{"count":0,"href":"https:\/\/pariersport.ca\/blackjack\/wp-json\/wp\/v2\/pages\/8\/revisions"}],"wp:attachment":[{"href":"https:\/\/pariersport.ca\/blackjack\/wp-json\/wp\/v2\/media?parent=8"}],"curies":[{"name":"wp","href":"https:\/\/api.w.org\/{rel}","templated":true}]}}